{"id":4743,"date":"2025-01-16T07:58:12","date_gmt":"2025-01-16T07:58:12","guid":{"rendered":"http:\/\/lawna.local\/?page_id=4743"},"modified":"2026-03-27T09:27:35","modified_gmt":"2026-03-27T09:27:35","slug":"elaqe","status":"publish","type":"page","link":"https:\/\/corplaw.az\/en\/elaqe\/","title":{"rendered":"Contact"},"content":{"rendered":"<div data-elementor-type=\"wp-page\" data-elementor-id=\"4743\" class=\"elementor elementor-4743\" data-elementor-post-type=\"page\">\n\t\t\t\t        <section class=\"elementor-section elementor-top-section elementor-element elementor-element-5565ce8 elementor-section-full_width elementor-section-stretched elementor-section-height-default elementor-section-height-default pxl-row-scroll-none pxl-zoom-point-false pxl-section-overflow-visible pxl-section-fix-none pxl-full-content-with-space-none pxl-bg-color-none pxl-section-overlay-none\" data-id=\"5565ce8\" data-element_type=\"section\" data-e-type=\"section\" data-settings=\"{&quot;stretch_section&quot;:&quot;section-stretched&quot;}\">\n\n                \n                <div class=\"elementor-container elementor-column-gap-extended\">\n                <div class=\"elementor-column elementor-col-100 elementor-top-column elementor-element elementor-element-7c4a2f4 pxl-column-none\" data-id=\"7c4a2f4\" data-element_type=\"column\" data-e-type=\"column\">\r\n        <div class=\"elementor-widget-wrap elementor-element-populated\">\r\n                     \r\n                <section class=\"elementor-section elementor-inner-section elementor-element elementor-element-f486b50 elementor-section-boxed elementor-section-height-default elementor-section-height-default pxl-row-scroll-none pxl-zoom-point-false pxl-section-overflow-visible pxl-section-fix-none pxl-bg-color-none pxl-section-overlay-none\" data-id=\"f486b50\" data-element_type=\"section\" data-e-type=\"section\">\n\n                \n                <div class=\"elementor-container elementor-column-gap-extended\">\n                <div class=\"elementor-column elementor-col-50 elementor-inner-column elementor-element elementor-element-2a89306 pxl-column-none\" data-id=\"2a89306\" data-element_type=\"column\" data-e-type=\"column\">\r\n        <div class=\"elementor-widget-wrap elementor-element-populated\">\r\n                     \r\n        \t\t<div class=\"elementor-element elementor-element-261f551 elementor-widget elementor-widget-pxl_heading\" data-id=\"261f551\" data-element_type=\"widget\" data-e-type=\"widget\" data-widget_type=\"pxl_heading.default\">\n\t\t\t\t<div class=\"elementor-widget-container\">\n\t\t\t\t\t\n<div id=\"pxl-pxl_heading-261f551-7842\" class=\"pxl-heading px-sub-title-default-style\">\n\t<div class=\"pxl-heading--inner\">\n\t\t\n\t\t<h2 class=\"pxl-item--title  style-default highlight-default pxl-slip-text-color\" data-wow-delay=\"ms\">\n\n\t\t<span class=\"pxl-heading--text\">\n\n\t\t\t\t\t\t\tContact Me\t\n\t\t\t\t\n\n\t\t<\/span>\n\t\t<\/h2>\n\t\t\n\t<\/div>\n<\/div>\t\t\t\t<\/div>\n\t\t\t\t<\/div>\n\t\t\t\t<div class=\"elementor-element elementor-element-d5aa726 elementor-widget-laptop__width-initial elementor-widget elementor-widget-pxl_icon_box\" data-id=\"d5aa726\" data-element_type=\"widget\" data-e-type=\"widget\" data-widget_type=\"pxl_icon_box.default\">\n\t\t\t\t<div class=\"elementor-widget-container\">\n\t\t\t\t\t<div class=\"pxl-icon-box pxl-icon-box1\" data-wow-delay=\"ms\">\r\n        \r\n        <a class=\"pxl-item--link\" href=\"https:\/\/api.whatsapp.com\/send\/?phone=994552441614&#038;text&#038;type=phone_number&#038;app_absent=0\"><\/a>\r\n\r\n    \r\n    <div class=\"pxl-item--main\">\r\n        \r\n                <h5 class=\"pxl-item--title el-empty\">Address<\/h5>\r\n        <div class=\"pxl-item--description el-empty\">25A Mammad Araz St., Narimanov dist., Baku<\/div>\r\n    <\/div>\r\n<\/div>\t\t\t\t<\/div>\n\t\t\t\t<\/div>\n\t\t\t\t<div class=\"elementor-element elementor-element-85ff919 elementor-widget-laptop__width-initial elementor-widget elementor-widget-pxl_icon_box\" data-id=\"85ff919\" data-element_type=\"widget\" data-e-type=\"widget\" data-widget_type=\"pxl_icon_box.default\">\n\t\t\t\t<div class=\"elementor-widget-container\">\n\t\t\t\t\t<div class=\"pxl-icon-box pxl-icon-box1\" data-wow-delay=\"ms\">\r\n        \r\n        <a class=\"pxl-item--link\" href=\"https:\/\/api.whatsapp.com\/send\/?phone=994552441614&#038;text&#038;type=phone_number&#038;app_absent=0\"><\/a>\r\n\r\n    \r\n    <div class=\"pxl-item--main\">\r\n        \r\n                <h5 class=\"pxl-item--title el-empty\">Phone<\/h5>\r\n        <div class=\"pxl-item--description el-empty\">+99455 244 16 14<\/div>\r\n    <\/div>\r\n<\/div>\t\t\t\t<\/div>\n\t\t\t\t<\/div>\n\t\t\t\t<div class=\"elementor-element elementor-element-1150b7b elementor-widget-laptop__width-initial elementor-widget elementor-widget-pxl_icon_box\" data-id=\"1150b7b\" data-element_type=\"widget\" data-e-type=\"widget\" data-widget_type=\"pxl_icon_box.default\">\n\t\t\t\t<div class=\"elementor-widget-container\">\n\t\t\t\t\t<div class=\"pxl-icon-box pxl-icon-box1\" data-wow-delay=\"ms\">\r\n        \r\n        <a class=\"pxl-item--link\" href=\"mailto:nihad.axundov@corplaw.az\"><\/a>\r\n\r\n    \r\n    <div class=\"pxl-item--main\">\r\n        \r\n                <h5 class=\"pxl-item--title el-empty\">E-mail<\/h5>\r\n        <div class=\"pxl-item--description el-empty\">nihad.axundov@corplaw.az<\/div>\r\n    <\/div>\r\n<\/div>\t\t\t\t<\/div>\n\t\t\t\t<\/div>\n\t\t\t\t<div class=\"elementor-element elementor-element-3f318d9 elementor-shape-circle e-grid-align-left elementor-grid-0 elementor-widget elementor-widget-social-icons\" data-id=\"3f318d9\" data-element_type=\"widget\" data-e-type=\"widget\" data-widget_type=\"social-icons.default\">\n\t\t\t\t\t\t\t<div class=\"elementor-social-icons-wrapper elementor-grid\" role=\"list\">\n\t\t\t\t\t\t\t<span class=\"elementor-grid-item\" role=\"listitem\">\n\t\t\t\t\t<a class=\"elementor-icon elementor-social-icon elementor-social-icon-facebook elementor-repeater-item-4a5855b\" href=\"https:\/\/www.facebook.com\/share\/1CfVLSPhrZ\/?mibextid=wwXIfr\" target=\"_blank\">\n\t\t\t\t\t\t<span class=\"elementor-screen-only\">Facebook<\/span>\n\t\t\t\t\t\t<i aria-hidden=\"true\" class=\"fab fa-facebook\"><\/i>\t\t\t\t\t<\/a>\n\t\t\t\t<\/span>\n\t\t\t\t\t\t\t<span class=\"elementor-grid-item\" role=\"listitem\">\n\t\t\t\t\t<a class=\"elementor-icon elementor-social-icon elementor-social-icon-instagram elementor-repeater-item-ffddeaa\" href=\"https:\/\/www.instagram.com\/akhundov.nihad?igsh=MWtzYXljemU5bGduaA==\" target=\"_blank\">\n\t\t\t\t\t\t<span class=\"elementor-screen-only\">Instagram<\/span>\n\t\t\t\t\t\t<i aria-hidden=\"true\" class=\"fab fa-instagram\"><\/i>\t\t\t\t\t<\/a>\n\t\t\t\t<\/span>\n\t\t\t\t\t\t\t<span class=\"elementor-grid-item\" role=\"listitem\">\n\t\t\t\t\t<a class=\"elementor-icon elementor-social-icon elementor-social-icon-whatsapp elementor-repeater-item-6367383\" href=\"https:\/\/api.whatsapp.com\/send\/?phone=994552441614&#038;text&#038;type=phone_number&#038;app_absent=0\" target=\"_blank\">\n\t\t\t\t\t\t<span class=\"elementor-screen-only\">Whatsapp<\/span>\n\t\t\t\t\t\t<i aria-hidden=\"true\" class=\"fab fa-whatsapp\"><\/i>\t\t\t\t\t<\/a>\n\t\t\t\t<\/span>\n\t\t\t\t\t<\/div>\n\t\t\t\t\t\t<\/div>\n\t\t            <\/div>\r\n        <\/div>\r\n                <div class=\"elementor-column elementor-col-50 elementor-inner-column elementor-element elementor-element-45aca6b pxl-column-none\" data-id=\"45aca6b\" data-element_type=\"column\" data-e-type=\"column\">\r\n        <div class=\"elementor-widget-wrap elementor-element-populated\">\r\n                     \r\n        \t\t<div class=\"elementor-element elementor-element-0cc7f43 e-transform elementor-widget elementor-widget-pxl_image\" data-id=\"0cc7f43\" data-element_type=\"widget\" data-e-type=\"widget\" data-settings=\"{&quot;_transform_flipX_effect&quot;:&quot;transform&quot;}\" data-widget_type=\"pxl_image.default\">\n\t\t\t\t<div class=\"elementor-widget-container\">\n\t\t\t\t\t<div id=\"pxl_image-0cc7f43-7132\" class=\"pxl-image-single pxl-disable-parallax-sm   wow skewInRight\" data-wow-delay=\"300ms\"  >\r\n    <div class=\"pxl-item--inner\" data-wow-delay=\"120ms\">\r\n                \r\n                                <div class=\"pxl-item--image s_img\" data-parallax-value=\"\">\r\n                                                    <img fetchpriority=\"high\" decoding=\"async\" class=\"no-lazyload\" src=\"https:\/\/corplaw.az\/wp-content\/uploads\/2026\/03\/contact-feature-image-594x800.jpg\" width=\"594\" height=\"800\" alt=\"contact feature image\" title=\"contact feature image\" \/>                                                                    <\/div>\r\n                                <\/div>\r\n<\/div>\t\t\t\t<\/div>\n\t\t\t\t<\/div>\n\t\t            <\/div>\r\n        <\/div>\r\n        \t\t\t<\/div>\n\t\t<\/section>\n\t\t            <\/div>\r\n        <\/div>\r\n        \t\t\t<\/div>\n\t\t<\/section>\n\t\t<div class=\"elementor-element elementor-element-a2ee16f e-flex e-con-boxed e-con e-parent\" data-id=\"a2ee16f\" data-element_type=\"container\" data-e-type=\"container\">\t\t\t<div class=\"e-con-inner\">\r\n\t\t\t\t\t<\/div>\r\n\t\t\t\t<\/div>\r\n\t\t\t\t<\/div>","protected":false},"excerpt":{"rendered":"<p>M\u0259niml\u0259 \u0259laq\u0259 \u00dcnvan Bak\u0131 \u015f\u0259h\u0259ri, N\u0259rimanov rayonu, M\u0259mm\u0259d Araz k\u00fc\u00e7\u0259si 25A Telefon +99455 244 16 14 E-mail nihad.axundov@corplaw.az Facebook Instagram Whatsapp<\/p>","protected":false},"author":1,"featured_media":0,"parent":0,"menu_order":0,"comment_status":"closed","ping_status":"closed","template":"","meta":{"footnotes":""},"class_list":["post-4743","page","type-page","status-publish","hentry"],"_links":{"self":[{"href":"https:\/\/corplaw.az\/en\/wp-json\/wp\/v2\/pages\/4743","targetHints":{"allow":["GET"]}}],"collection":[{"href":"https:\/\/corplaw.az\/en\/wp-json\/wp\/v2\/pages"}],"about":[{"href":"https:\/\/corplaw.az\/en\/wp-json\/wp\/v2\/types\/page"}],"author":[{"embeddable":true,"href":"https:\/\/corplaw.az\/en\/wp-json\/wp\/v2\/users\/1"}],"replies":[{"embeddable":true,"href":"https:\/\/corplaw.az\/en\/wp-json\/wp\/v2\/comments?post=4743"}],"version-history":[{"count":74,"href":"https:\/\/corplaw.az\/en\/wp-json\/wp\/v2\/pages\/4743\/revisions"}],"predecessor-version":[{"id":9289,"href":"https:\/\/corplaw.az\/en\/wp-json\/wp\/v2\/pages\/4743\/revisions\/9289"}],"wp:attachment":[{"href":"https:\/\/corplaw.az\/en\/wp-json\/wp\/v2\/media?parent=4743"}],"curies":[{"name":"wp","href":"https:\/\/api.w.org\/{rel}","templated":true}]}}