{"id":5003,"date":"2025-01-20T02:07:03","date_gmt":"2025-01-20T02:07:03","guid":{"rendered":"http:\/\/lawna.local\/?page_id=5003"},"modified":"2026-03-28T08:50:06","modified_gmt":"2026-03-28T08:50:06","slug":"bloq","status":"publish","type":"page","link":"https:\/\/corplaw.az\/en\/bloq\/","title":{"rendered":"Blog"},"content":{"rendered":"\t\t<div data-elementor-type=\"wp-page\" data-elementor-id=\"5003\" class=\"elementor elementor-5003\" data-elementor-post-type=\"page\">\n\t\t\t\t<div class=\"elementor-element elementor-element-d6b0e68 e-flex e-con-boxed e-con e-parent \" data-id=\"d6b0e68\" data-element_type=\"container\" data-e-type=\"container\">\t\t\t<div class=\"e-con-inner\">\r\n\t\t\t\t<div class=\"elementor-element elementor-element-ac2720e elementor-widget elementor-widget-pxl_heading\" data-id=\"ac2720e\" data-element_type=\"widget\" data-e-type=\"widget\" data-widget_type=\"pxl_heading.default\">\n\t\t\t\t<div class=\"elementor-widget-container\">\n\t\t\t\t\t\n<div id=\"pxl-pxl_heading-ac2720e-5469\" class=\"pxl-heading px-sub-title-2-style \">\n\t<div class=\"pxl-heading--inner\">\n\t\t\n\t\t<h2 class=\"pxl-item--title  style-default highlight-default pxl-slip-text-color\" data-wow-delay=\"ms\">\n\n\t\t<span class=\"pxl-heading--text\">\n\n\t\t\t\t\t\t\tBloq &#038; Yenilikl\u0259r\t\n\t\t\t\t\n\n\t\t<\/span>\n\t\t<\/h2>\n\t\t\n\t<\/div>\n<\/div>\t\t\t\t<\/div>\n\t\t\t\t<\/div>\n\t\t\t\t\t<\/div>\r\n\t\t\t\t<\/div>\r\n\t\t        <section class=\"elementor-section elementor-top-section elementor-element elementor-element-43cbee2 elementor-section-boxed elementor-section-height-default elementor-section-height-default pxl-row-scroll-none pxl-zoom-point-false pxl-section-overflow-visible pxl-section-fix-none pxl-bg-color-none pxl-section-overlay-none\" data-id=\"43cbee2\" data-element_type=\"section\" data-e-type=\"section\">\n\n                \n                <div class=\"elementor-container elementor-column-gap-default \">\n                <div class=\"elementor-column elementor-col-100 elementor-top-column elementor-element elementor-element-c7e32b3 pxl-column-none\" data-id=\"c7e32b3\" data-element_type=\"column\" data-e-type=\"column\">\r\n        <div class=\"elementor-widget-wrap elementor-element-populated\">\r\n                     \r\n        \t\t<div class=\"elementor-element elementor-element-42f8b86 pxl-post-layout-post-1 elementor-widget elementor-widget-pxl_post_grid\" data-id=\"42f8b86\" data-element_type=\"widget\" data-e-type=\"widget\" data-widget_type=\"pxl_post_grid.default\">\n\t\t\t\t<div class=\"elementor-widget-container\">\n\t\t\t\t\t\n<div id=\"pxl_post_grid-42f8b86-9529\" class=\"pxl-grid pxl-blog-grid pxl-blog-grid-layout1 pxl-blog-style1\" data-start-page=\"1\" data-max-pages=\"1\" data-total=\"6\" data-perpage=\"6\" data-next-link=\"\" data-layout=\"masonry\" data-loadmore=\"{&quot;tax&quot;:[&quot;category&quot;],&quot;post_type&quot;:&quot;post&quot;,&quot;layout&quot;:&quot;post-1&quot;,&quot;startPage&quot;:1,&quot;maxPages&quot;:1,&quot;total&quot;:6,&quot;filter&quot;:&quot;false&quot;,&quot;filter_type&quot;:&quot;normal&quot;,&quot;perpage&quot;:6,&quot;nextLink&quot;:&quot;&quot;,&quot;source&quot;:&quot;&quot;,&quot;orderby&quot;:&quot;date&quot;,&quot;order&quot;:&quot;desc&quot;,&quot;limit&quot;:6,&quot;post_ids&quot;:[],&quot;col_xl&quot;:4,&quot;col_lg&quot;:4,&quot;col_md&quot;:4,&quot;col_sm&quot;:4,&quot;col_xs&quot;:12,&quot;pagination_type&quot;:&quot;pagination&quot;,&quot;show_date&quot;:&quot;true&quot;,&quot;show_category&quot;:&quot;true&quot;,&quot;show_button&quot;:&quot;true&quot;,&quot;button_text&quot;:&quot;DAHA \\u018fTRAFLI&quot;,&quot;show_excerpt&quot;:&quot;true&quot;,&quot;num_words&quot;:20,&quot;img_size&quot;:&quot;&quot;,&quot;grid_masonry&quot;:&quot;&quot;,&quot;data_layout&quot;:&quot;masonry&quot;,&quot;items_featured_sw&quot;:&quot;&quot;,&quot;pxl_animate&quot;:&quot;&quot;}\">\n    \n    <div class=\"pxl-grid-inner pxl-grid-masonry row\" data-gutter=\"15\">\n                    <div class=\"pxl-grid-item col-xl-4 col-lg-4 col-md-4 col-sm-4 col-12 yenilik\">\n                <div class=\"pxl-post--inner \" data-wow-duration=\"1.2s\">\n                                        <div class=\"pxl-post--featured hover-imge-effect2\">\n                        <a href=\"https:\/\/corplaw.az\/en\/tahota\/\"><img fetchpriority=\"high\" decoding=\"async\" class=\"\" src=\"https:\/\/corplaw.az\/wp-content\/uploads\/2026\/04\/WhatsApp-Image-2026-04-17-at-12.09.22-412x520.jpeg\" width=\"412\" height=\"520\" alt=\"WhatsApp Image 2026-04-17 at 12.09.22\" title=\"WhatsApp Image 2026-04-17 at 12.09.22\" \/><\/a>\n                    <\/div>\n                \n                <div class=\"pxl-item--content\">\n                    <div class=\"pxl-post--meta\">\n                                               <div class=\"pxl-post--category\">\n                            <a href=\"https:\/\/corplaw.az\/en\/category\/yenilik\/\" rel=\"tag\">Yenilik<\/a>                        <\/div>\n                                                                <div class=\"pxl-post--date\">\n                            17 Apr 2026    \n                        <\/div>\n                                    <\/div>\n                <h3 class=\"pxl-post--title\"><a href=\"https:\/\/corplaw.az\/en\/tahota\/\">Qlobal H\u00fcquq Arenas\u0131nda Az\u0259rbaycan T\u0259msil\u00e7iliyi: &#8220;Tahota Law Firm&#8221; il\u0259 Yeni Bir T\u0259cr\u00fcb\u0259<\/a><\/h3>\n                                    <div class=\"pxl-post--button\">\n                        <a class=\"btn-readmore d-flex\" href=\"https:\/\/corplaw.az\/en\/tahota\/\">\n                            DAHA \u018fTRAFLI                            <svg xmlns=\"http:\/\/www.w3.org\/2000\/svg\" width=\"30\" height=\"30\" viewBox=\"0 0 30 30\" fill=\"none\">\n                              <path d=\"M26.7773 15C26.7773 9.52022 22.8386 4.63142 17.4752 3.48512C14.7953 2.91242 11.9456 3.29822 9.52045 4.57591C7.18705 5.80561 5.30065 7.82162 4.23175 10.2336C3.11965 12.7425 2.92585 15.6228 3.68425 18.2598C4.41565 20.8038 6.02095 23.0595 8.17585 24.5952C12.6809 27.8061 19.0088 27.3768 23.0459 23.5992C25.412 21.3855 26.7773 18.2406 26.7773 15ZM20.6435 15.636L17.3552 18.924C16.5347 19.7448 15.2615 18.4719 16.0826 17.6511L17.7344 15.9996L10.097 15.9996C9.55225 15.9996 9.09745 15.5445 9.09745 14.9997C9.09745 14.4549 9.55225 13.9998 10.097 13.9998L17.7725 13.9998L16.1531 12.3411C15.3434 11.5125 16.628 10.2513 17.441 11.0838L20.651 14.3712C20.9954 14.7234 20.9921 15.2874 20.6435 15.636Z\" fill=\"#E0B866\"\/>\n                          <\/svg>\n                      <\/a>\n                  <\/div>\n                        <\/div>\n      <\/div>\n  <\/div>\n              <div class=\"pxl-grid-item col-xl-4 col-lg-4 col-md-4 col-sm-4 col-12 reqemsal\">\n                <div class=\"pxl-post--inner \" data-wow-duration=\"1.2s\">\n                                        <div class=\"pxl-post--featured hover-imge-effect2\">\n                        <a href=\"https:\/\/corplaw.az\/en\/driving-laws-you-might-be-breaking-without-realizing-2\/\"><img decoding=\"async\" class=\"\" src=\"https:\/\/corplaw.az\/wp-content\/uploads\/2025\/01\/post-5-412x520.webp\" width=\"412\" height=\"520\" alt=\"post-5\" title=\"post-5\" \/><\/a>\n                    <\/div>\n                \n                <div class=\"pxl-item--content\">\n                    <div class=\"pxl-post--meta\">\n                                               <div class=\"pxl-post--category\">\n                            <a href=\"https:\/\/corplaw.az\/en\/category\/reqemsal\/\" rel=\"tag\">R\u0259q\u0259msal<\/a>                        <\/div>\n                                                                <div class=\"pxl-post--date\">\n                            25 Mar 2026    \n                        <\/div>\n                                    <\/div>\n                <h3 class=\"pxl-post--title\"><a href=\"https:\/\/corplaw.az\/en\/driving-laws-you-might-be-breaking-without-realizing-2\/\">\u0130T \u015firk\u0259tl\u0259ri \u00fc\u00e7\u00fcn lisenziyala\u015fd\u0131r\u0131lma qaydalar\u0131<\/a><\/h3>\n                                    <div class=\"pxl-post--button\">\n                        <a class=\"btn-readmore d-flex\" href=\"https:\/\/corplaw.az\/en\/driving-laws-you-might-be-breaking-without-realizing-2\/\">\n                            DAHA \u018fTRAFLI                            <svg xmlns=\"http:\/\/www.w3.org\/2000\/svg\" width=\"30\" height=\"30\" viewBox=\"0 0 30 30\" fill=\"none\">\n                              <path d=\"M26.7773 15C26.7773 9.52022 22.8386 4.63142 17.4752 3.48512C14.7953 2.91242 11.9456 3.29822 9.52045 4.57591C7.18705 5.80561 5.30065 7.82162 4.23175 10.2336C3.11965 12.7425 2.92585 15.6228 3.68425 18.2598C4.41565 20.8038 6.02095 23.0595 8.17585 24.5952C12.6809 27.8061 19.0088 27.3768 23.0459 23.5992C25.412 21.3855 26.7773 18.2406 26.7773 15ZM20.6435 15.636L17.3552 18.924C16.5347 19.7448 15.2615 18.4719 16.0826 17.6511L17.7344 15.9996L10.097 15.9996C9.55225 15.9996 9.09745 15.5445 9.09745 14.9997C9.09745 14.4549 9.55225 13.9998 10.097 13.9998L17.7725 13.9998L16.1531 12.3411C15.3434 11.5125 16.628 10.2513 17.441 11.0838L20.651 14.3712C20.9954 14.7234 20.9921 15.2874 20.6435 15.636Z\" fill=\"#E0B866\"\/>\n                          <\/svg>\n                      <\/a>\n                  <\/div>\n                        <\/div>\n      <\/div>\n  <\/div>\n              <div class=\"pxl-grid-item col-xl-4 col-lg-4 col-md-4 col-sm-4 col-12 qerar\">\n                <div class=\"pxl-post--inner \" data-wow-duration=\"1.2s\">\n                                        <div class=\"pxl-post--featured hover-imge-effect2\">\n                        <a href=\"https:\/\/corplaw.az\/en\/driving-laws-you-might-be-breaking-without-realizing\/\"><img decoding=\"async\" class=\"\" src=\"https:\/\/corplaw.az\/wp-content\/uploads\/2025\/01\/post-6-412x520.jpg\" width=\"412\" height=\"520\" alt=\"post-6\" title=\"post-6\" \/><\/a>\n                    <\/div>\n                \n                <div class=\"pxl-item--content\">\n                    <div class=\"pxl-post--meta\">\n                                               <div class=\"pxl-post--category\">\n                            <a href=\"https:\/\/corplaw.az\/en\/category\/qerar\/\" rel=\"tag\">Q\u0259rar<\/a>                        <\/div>\n                                                                <div class=\"pxl-post--date\">\n                            20 Mar 2026    \n                        <\/div>\n                                    <\/div>\n                <h3 class=\"pxl-post--title\"><a href=\"https:\/\/corplaw.az\/en\/driving-laws-you-might-be-breaking-without-realizing\/\">Vergi yoxlamalar\u0131 zaman\u0131 sahibkarlar\u0131n \u0259sas h\u00fcquqlar<\/a><\/h3>\n                                    <div class=\"pxl-post--button\">\n                        <a class=\"btn-readmore d-flex\" href=\"https:\/\/corplaw.az\/en\/driving-laws-you-might-be-breaking-without-realizing\/\">\n                            DAHA \u018fTRAFLI                            <svg xmlns=\"http:\/\/www.w3.org\/2000\/svg\" width=\"30\" height=\"30\" viewBox=\"0 0 30 30\" fill=\"none\">\n                              <path d=\"M26.7773 15C26.7773 9.52022 22.8386 4.63142 17.4752 3.48512C14.7953 2.91242 11.9456 3.29822 9.52045 4.57591C7.18705 5.80561 5.30065 7.82162 4.23175 10.2336C3.11965 12.7425 2.92585 15.6228 3.68425 18.2598C4.41565 20.8038 6.02095 23.0595 8.17585 24.5952C12.6809 27.8061 19.0088 27.3768 23.0459 23.5992C25.412 21.3855 26.7773 18.2406 26.7773 15ZM20.6435 15.636L17.3552 18.924C16.5347 19.7448 15.2615 18.4719 16.0826 17.6511L17.7344 15.9996L10.097 15.9996C9.55225 15.9996 9.09745 15.5445 9.09745 14.9997C9.09745 14.4549 9.55225 13.9998 10.097 13.9998L17.7725 13.9998L16.1531 12.3411C15.3434 11.5125 16.628 10.2513 17.441 11.0838L20.651 14.3712C20.9954 14.7234 20.9921 15.2874 20.6435 15.636Z\" fill=\"#E0B866\"\/>\n                          <\/svg>\n                      <\/a>\n                  <\/div>\n                        <\/div>\n      <\/div>\n  <\/div>\n              <div class=\"pxl-grid-item col-xl-4 col-lg-4 col-md-4 col-sm-4 col-12 bloq-kateqoriya\">\n                <div class=\"pxl-post--inner \" data-wow-duration=\"1.2s\">\n                                        <div class=\"pxl-post--featured hover-imge-effect2\">\n                        <a href=\"https:\/\/corplaw.az\/en\/consumer-rights-how-to-protect-yourself-from-fraud\/\"><img loading=\"lazy\" decoding=\"async\" class=\"\" src=\"https:\/\/corplaw.az\/wp-content\/uploads\/2025\/01\/post-4-412x520.jpg\" width=\"412\" height=\"520\" alt=\"post-4\" title=\"post-4\" \/><\/a>\n                    <\/div>\n                \n                <div class=\"pxl-item--content\">\n                    <div class=\"pxl-post--meta\">\n                                               <div class=\"pxl-post--category\">\n                            <a href=\"https:\/\/corplaw.az\/en\/category\/bloq-kateqoriya\/\" rel=\"tag\">Bloq<\/a>                        <\/div>\n                                                                <div class=\"pxl-post--date\">\n                            20 Mar 2026    \n                        <\/div>\n                                    <\/div>\n                <h3 class=\"pxl-post--title\"><a href=\"https:\/\/corplaw.az\/en\/consumer-rights-how-to-protect-yourself-from-fraud\/\">\u018fmt\u0259\u0259 ni\u015fan\u0131n\u0131n qeydiyyat\u0131<\/a><\/h3>\n                                    <div class=\"pxl-post--button\">\n                        <a class=\"btn-readmore d-flex\" href=\"https:\/\/corplaw.az\/en\/consumer-rights-how-to-protect-yourself-from-fraud\/\">\n                            DAHA \u018fTRAFLI                            <svg xmlns=\"http:\/\/www.w3.org\/2000\/svg\" width=\"30\" height=\"30\" viewBox=\"0 0 30 30\" fill=\"none\">\n                              <path d=\"M26.7773 15C26.7773 9.52022 22.8386 4.63142 17.4752 3.48512C14.7953 2.91242 11.9456 3.29822 9.52045 4.57591C7.18705 5.80561 5.30065 7.82162 4.23175 10.2336C3.11965 12.7425 2.92585 15.6228 3.68425 18.2598C4.41565 20.8038 6.02095 23.0595 8.17585 24.5952C12.6809 27.8061 19.0088 27.3768 23.0459 23.5992C25.412 21.3855 26.7773 18.2406 26.7773 15ZM20.6435 15.636L17.3552 18.924C16.5347 19.7448 15.2615 18.4719 16.0826 17.6511L17.7344 15.9996L10.097 15.9996C9.55225 15.9996 9.09745 15.5445 9.09745 14.9997C9.09745 14.4549 9.55225 13.9998 10.097 13.9998L17.7725 13.9998L16.1531 12.3411C15.3434 11.5125 16.628 10.2513 17.441 11.0838L20.651 14.3712C20.9954 14.7234 20.9921 15.2874 20.6435 15.636Z\" fill=\"#E0B866\"\/>\n                          <\/svg>\n                      <\/a>\n                  <\/div>\n                        <\/div>\n      <\/div>\n  <\/div>\n              <div class=\"pxl-grid-item col-xl-4 col-lg-4 col-md-4 col-sm-4 col-12 biznes\">\n                <div class=\"pxl-post--inner \" data-wow-duration=\"1.2s\">\n                                        <div class=\"pxl-post--featured hover-imge-effect2\">\n                        <a href=\"https:\/\/corplaw.az\/en\/top-10-legal-mistakes-to-avoid-when-starting-a-business\/\"><img loading=\"lazy\" decoding=\"async\" class=\"\" src=\"https:\/\/corplaw.az\/wp-content\/uploads\/2025\/01\/post-3-412x520.jpg\" width=\"412\" height=\"520\" alt=\"post-3\" title=\"post-3\" \/><\/a>\n                    <\/div>\n                \n                <div class=\"pxl-item--content\">\n                    <div class=\"pxl-post--meta\">\n                                               <div class=\"pxl-post--category\">\n                            <a href=\"https:\/\/corplaw.az\/en\/category\/biznes\/\" rel=\"tag\">Biznes<\/a>                        <\/div>\n                                                                <div class=\"pxl-post--date\">\n                            18 Mar 2026    \n                        <\/div>\n                                    <\/div>\n                <h3 class=\"pxl-post--title\"><a href=\"https:\/\/corplaw.az\/en\/top-10-legal-mistakes-to-avoid-when-starting-a-business\/\">Kredit m\u00fcqavil\u0259l\u0259rind\u0259 h\u00fcquq<\/a><\/h3>\n                                    <div class=\"pxl-post--button\">\n                        <a class=\"btn-readmore d-flex\" href=\"https:\/\/corplaw.az\/en\/top-10-legal-mistakes-to-avoid-when-starting-a-business\/\">\n                            DAHA \u018fTRAFLI                            <svg xmlns=\"http:\/\/www.w3.org\/2000\/svg\" width=\"30\" height=\"30\" viewBox=\"0 0 30 30\" fill=\"none\">\n                              <path d=\"M26.7773 15C26.7773 9.52022 22.8386 4.63142 17.4752 3.48512C14.7953 2.91242 11.9456 3.29822 9.52045 4.57591C7.18705 5.80561 5.30065 7.82162 4.23175 10.2336C3.11965 12.7425 2.92585 15.6228 3.68425 18.2598C4.41565 20.8038 6.02095 23.0595 8.17585 24.5952C12.6809 27.8061 19.0088 27.3768 23.0459 23.5992C25.412 21.3855 26.7773 18.2406 26.7773 15ZM20.6435 15.636L17.3552 18.924C16.5347 19.7448 15.2615 18.4719 16.0826 17.6511L17.7344 15.9996L10.097 15.9996C9.55225 15.9996 9.09745 15.5445 9.09745 14.9997C9.09745 14.4549 9.55225 13.9998 10.097 13.9998L17.7725 13.9998L16.1531 12.3411C15.3434 11.5125 16.628 10.2513 17.441 11.0838L20.651 14.3712C20.9954 14.7234 20.9921 15.2874 20.6435 15.636Z\" fill=\"#E0B866\"\/>\n                          <\/svg>\n                      <\/a>\n                  <\/div>\n                        <\/div>\n      <\/div>\n  <\/div>\n              <div class=\"pxl-grid-item col-xl-4 col-lg-4 col-md-4 col-sm-4 col-12 biznes\">\n                <div class=\"pxl-post--inner \" data-wow-duration=\"1.2s\">\n                                        <div class=\"pxl-post--featured hover-imge-effect2\">\n                        <a href=\"https:\/\/corplaw.az\/en\/how-is-mediation-useful-in-family-law-2\/\"><img loading=\"lazy\" decoding=\"async\" class=\"\" src=\"https:\/\/corplaw.az\/wp-content\/uploads\/2024\/12\/post-1-1-412x520.jpg\" width=\"412\" height=\"520\" alt=\"post-1\" title=\"post-1\" \/><\/a>\n                    <\/div>\n                \n                <div class=\"pxl-item--content\">\n                    <div class=\"pxl-post--meta\">\n                                               <div class=\"pxl-post--category\">\n                            <a href=\"https:\/\/corplaw.az\/en\/category\/biznes\/\" rel=\"tag\">Biznes<\/a>                        <\/div>\n                                                                <div class=\"pxl-post--date\">\n                            18 Mar 2026    \n                        <\/div>\n                                    <\/div>\n                <h3 class=\"pxl-post--title\"><a href=\"https:\/\/corplaw.az\/en\/how-is-mediation-useful-in-family-law-2\/\">D\u00f6vl\u0259t orqanlar\u0131 il\u0259 m\u00fcnasib\u0259tl\u0259r<\/a><\/h3>\n                                    <div class=\"pxl-post--button\">\n                        <a class=\"btn-readmore d-flex\" href=\"https:\/\/corplaw.az\/en\/how-is-mediation-useful-in-family-law-2\/\">\n                            DAHA \u018fTRAFLI                            <svg xmlns=\"http:\/\/www.w3.org\/2000\/svg\" width=\"30\" height=\"30\" viewBox=\"0 0 30 30\" fill=\"none\">\n                              <path d=\"M26.7773 15C26.7773 9.52022 22.8386 4.63142 17.4752 3.48512C14.7953 2.91242 11.9456 3.29822 9.52045 4.57591C7.18705 5.80561 5.30065 7.82162 4.23175 10.2336C3.11965 12.7425 2.92585 15.6228 3.68425 18.2598C4.41565 20.8038 6.02095 23.0595 8.17585 24.5952C12.6809 27.8061 19.0088 27.3768 23.0459 23.5992C25.412 21.3855 26.7773 18.2406 26.7773 15ZM20.6435 15.636L17.3552 18.924C16.5347 19.7448 15.2615 18.4719 16.0826 17.6511L17.7344 15.9996L10.097 15.9996C9.55225 15.9996 9.09745 15.5445 9.09745 14.9997C9.09745 14.4549 9.55225 13.9998 10.097 13.9998L17.7725 13.9998L16.1531 12.3411C15.3434 11.5125 16.628 10.2513 17.441 11.0838L20.651 14.3712C20.9954 14.7234 20.9921 15.2874 20.6435 15.636Z\" fill=\"#E0B866\"\/>\n                          <\/svg>\n                      <\/a>\n                  <\/div>\n                        <\/div>\n      <\/div>\n  <\/div>\n          <div class=\"grid-sizer col-xl-4 col-lg-4 col-md-4 col-sm-4 col-12\"><\/div>\n        \n    <\/div>\n            <div class=\"pxl-grid-pagination\">\n                    <\/div>\n        <\/div>\t\t\t\t<\/div>\n\t\t\t\t<\/div>\n\t\t            <\/div>\r\n        <\/div>\r\n        \t\t\t<\/div>\n\t\t<\/section>\n\t\t\t\t<\/div>\n\t\t","protected":false},"excerpt":{"rendered":"<p>Bloq &#038; Yenilikl\u0259r Biznes 26 Mar 2026 Biznes t\u0259r\u0259fda\u015flar\u0131 aras\u0131nda yaranan h\u00fcquqi m\u00fcbahis\u0259l\u0259rin h\u0259lli yollar\u0131 DAHA \u018fTRAFLI R\u0259q\u0259msal 25 Mar 2026 \u0130T \u015firk\u0259tl\u0259ri \u00fc\u00e7\u00fcn proqram t\u0259minat\u0131n\u0131n lisenziyala\u015fd\u0131r\u0131lmas\u0131 qaydalar\u0131 DAHA \u018fTRAFLI Q\u0259rar 20 Mar 2026 Vergi yoxlamalar\u0131 zaman\u0131 sahibkarlar\u0131n bilm\u0259li oldu\u011fu \u0259sas h\u00fcquqlar DAHA \u018fTRAFLI Bloq 20 Mar 2026 \u018fmt\u0259\u0259 ni\u015fan\u0131n\u0131n qeydiyyat\u0131 niy\u0259 biznesin \u0259n vacib [&hellip;]<\/p>\n","protected":false},"author":1,"featured_media":0,"parent":0,"menu_order":0,"comment_status":"closed","ping_status":"closed","template":"","meta":{"footnotes":""},"class_list":["post-5003","page","type-page","status-publish","hentry"],"_links":{"self":[{"href":"https:\/\/corplaw.az\/en\/wp-json\/wp\/v2\/pages\/5003","targetHints":{"allow":["GET"]}}],"collection":[{"href":"https:\/\/corplaw.az\/en\/wp-json\/wp\/v2\/pages"}],"about":[{"href":"https:\/\/corplaw.az\/en\/wp-json\/wp\/v2\/types\/page"}],"author":[{"embeddable":true,"href":"https:\/\/corplaw.az\/en\/wp-json\/wp\/v2\/users\/1"}],"replies":[{"embeddable":true,"href":"https:\/\/corplaw.az\/en\/wp-json\/wp\/v2\/comments?post=5003"}],"version-history":[{"count":11,"href":"https:\/\/corplaw.az\/en\/wp-json\/wp\/v2\/pages\/5003\/revisions"}],"predecessor-version":[{"id":9910,"href":"https:\/\/corplaw.az\/en\/wp-json\/wp\/v2\/pages\/5003\/revisions\/9910"}],"wp:attachment":[{"href":"https:\/\/corplaw.az\/en\/wp-json\/wp\/v2\/media?parent=5003"}],"curies":[{"name":"wp","href":"https:\/\/api.w.org\/{rel}","templated":true}]}}